{"id":4959,"date":"2022-06-06T16:44:47","date_gmt":"2022-06-06T16:44:47","guid":{"rendered":"https:\/\/oficial.rocketbot.com\/?page_id=4959"},"modified":"2022-06-06T16:46:30","modified_gmt":"2022-06-06T16:46:30","slug":"recepcion-partners","status":"publish","type":"page","link":"https:\/\/www.rocketbot.com\/es\/recepcion-partners\/","title":{"rendered":"Redirecci\u00f3n \/ Partners 2"},"content":{"rendered":"\t\t<div data-elementor-type=\"wp-page\" data-elementor-id=\"4959\" class=\"elementor elementor-4959\" data-elementor-post-type=\"page\">\n\t\t\t\t\t\t<section class=\"elementor-section elementor-top-section elementor-element elementor-element-0278808 elementor-section-boxed elementor-section-height-default elementor-section-height-default\" data-id=\"0278808\" data-element_type=\"section\" data-e-type=\"section\" data-settings=\"{&quot;background_background&quot;:&quot;classic&quot;}\">\n\t\t\t\t\t\t<div class=\"elementor-container elementor-column-gap-extended\">\n\t\t\t\t\t<div class=\"elementor-column elementor-col-100 elementor-top-column elementor-element elementor-element-ebf52a6 ancho-800\" data-id=\"ebf52a6\" data-element_type=\"column\" data-e-type=\"column\">\n\t\t\t<div class=\"elementor-widget-wrap elementor-element-populated\">\n\t\t\t\t\t\t<div class=\"elementor-element elementor-element-72f59a8 elementor-widget elementor-widget-image\" data-id=\"72f59a8\" data-element_type=\"widget\" data-e-type=\"widget\" data-widget_type=\"image.default\">\n\t\t\t\t<div class=\"elementor-widget-container\">\n\t\t\t\t\t\t\t\t\t\t\t\t\t\t\t<img fetchpriority=\"high\" decoding=\"async\" width=\"423\" height=\"373\" src=\"https:\/\/www.rocketbot.com\/wp-content\/uploads\/2022\/03\/Expectativas-demasiado-altas.jpg\" class=\"attachment-large size-large wp-image-3910\" alt=\"\" srcset=\"https:\/\/www.rocketbot.com\/wp-content\/uploads\/2022\/03\/Expectativas-demasiado-altas.jpg 423w, https:\/\/www.rocketbot.com\/wp-content\/uploads\/2022\/03\/Expectativas-demasiado-altas-300x265.jpg 300w, https:\/\/www.rocketbot.com\/wp-content\/uploads\/2022\/03\/Expectativas-demasiado-altas-14x12.jpg 14w\" sizes=\"(max-width: 423px) 100vw, 423px\" \/>\t\t\t\t\t\t\t\t\t\t\t\t\t\t\t<\/div>\n\t\t\t\t<\/div>\n\t\t\t\t<div class=\"elementor-element elementor-element-17f8ddc elementor-widget-divider--view-line elementor-widget elementor-widget-divider\" data-id=\"17f8ddc\" data-element_type=\"widget\" data-e-type=\"widget\" data-widget_type=\"divider.default\">\n\t\t\t\t<div class=\"elementor-widget-container\">\n\t\t\t\t\t\t\t<div class=\"elementor-divider\">\n\t\t\t<span class=\"elementor-divider-separator\">\n\t\t\t\t\t\t<\/span>\n\t\t<\/div>\n\t\t\t\t\t\t<\/div>\n\t\t\t\t<\/div>\n\t\t\t\t<div class=\"elementor-element elementor-element-c48f427 elementor-widget elementor-widget-heading\" data-id=\"c48f427\" data-element_type=\"widget\" data-e-type=\"widget\" data-widget_type=\"heading.default\">\n\t\t\t\t<div class=\"elementor-widget-container\">\n\t\t\t\t\t<h2 class=\"elementor-heading-title elementor-size-default\">Hemos Recepcionado tu Contacto como Partner\n<\/h2>\t\t\t\t<\/div>\n\t\t\t\t<\/div>\n\t\t\t\t<div class=\"elementor-element elementor-element-70d97ad elementor-widget elementor-widget-text-editor\" data-id=\"70d97ad\" data-element_type=\"widget\" data-e-type=\"widget\" data-widget_type=\"text-editor.default\">\n\t\t\t\t<div class=\"elementor-widget-container\">\n\t\t\t\t\t\t\t\t\t<p><strong>Recuerde:<\/strong>\u00a0Este env\u00edo de oportunidad entrar\u00e1 en proceso de evaluaci\u00f3n, para que sea valida\u00a0<strong>debes recibir el correo electronico de tu PAM confirmando la reserva<\/strong>\u00a0de la oportunidad<br \/>Ten paciencia, esto puede tomar\u00a0<strong>hasta 48 horas.<\/strong><\/p>\t\t\t\t\t\t\t\t<\/div>\n\t\t\t\t<\/div>\n\t\t\t\t\t<\/div>\n\t\t<\/div>\n\t\t\t\t\t<\/div>\n\t\t<\/section>\n\t\t\t\t<\/div>\n\t\t","protected":false},"excerpt":{"rendered":"<p>Hemos Recepcionado tu Contacto como Partner Recuerde:\u00a0Este env\u00edo de oportunidad entrar\u00e1 en proceso de evaluaci\u00f3n, para que sea valida\u00a0debes recibir el correo electronico de tu PAM confirmando la reserva\u00a0de la oportunidadTen paciencia, esto puede tomar\u00a0hasta 48 horas.<\/p>\n","protected":false},"author":11,"featured_media":0,"parent":0,"menu_order":0,"comment_status":"closed","ping_status":"closed","template":"","meta":{"footnotes":""},"class_list":["post-4959","page","type-page","status-publish","hentry"],"_links":{"self":[{"href":"https:\/\/www.rocketbot.com\/es\/wp-json\/wp\/v2\/pages\/4959","targetHints":{"allow":["GET"]}}],"collection":[{"href":"https:\/\/www.rocketbot.com\/es\/wp-json\/wp\/v2\/pages"}],"about":[{"href":"https:\/\/www.rocketbot.com\/es\/wp-json\/wp\/v2\/types\/page"}],"author":[{"embeddable":true,"href":"https:\/\/www.rocketbot.com\/es\/wp-json\/wp\/v2\/users\/11"}],"replies":[{"embeddable":true,"href":"https:\/\/www.rocketbot.com\/es\/wp-json\/wp\/v2\/comments?post=4959"}],"version-history":[{"count":4,"href":"https:\/\/www.rocketbot.com\/es\/wp-json\/wp\/v2\/pages\/4959\/revisions"}],"predecessor-version":[{"id":4963,"href":"https:\/\/www.rocketbot.com\/es\/wp-json\/wp\/v2\/pages\/4959\/revisions\/4963"}],"wp:attachment":[{"href":"https:\/\/www.rocketbot.com\/es\/wp-json\/wp\/v2\/media?parent=4959"}],"curies":[{"name":"wp","href":"https:\/\/api.w.org\/{rel}","templated":true}]}}